{"id":26,"date":"2019-10-12T04:02:54","date_gmt":"2019-10-12T02:02:54","guid":{"rendered":"https:\/\/oeconcept.fr\/index.php\/home\/"},"modified":"2024-11-06T11:33:00","modified_gmt":"2024-11-06T10:33:00","slug":"home","status":"publish","type":"page","link":"https:\/\/oeconcept.fr\/","title":{"rendered":"Oeconcept"},"content":{"rendered":"<!--themify_builder_content-->\n<div id=\"themify_builder_content-26\" data-postid=\"26\" class=\"themify_builder_content themify_builder_content-26 themify_builder tf_clear\">\n                    <div  data-lazy=\"1\" class=\"module_row themify_builder_row tb_3ycd121 tb_first tf_w\">\n                        <div class=\"row_inner col_align_top tb_col_count_1 tf_box tf_rel\">\n                        <div  data-lazy=\"1\" class=\"module_column tb-column col-full tb_e5ef121 first\">\n                            <div  data-lazy=\"1\" class=\"module_subrow themify_builder_sub_row tf_w col_align_top tb_col_count_2 tb_9nq9700\">\n                <div  data-lazy=\"1\" class=\"module_column sub_column col4-2 tb_7ju4700 first\">\n                    <!-- module text -->\n<div  class=\"module module-text tb_e3n4470   \" data-lazy=\"1\">\n        <div  class=\"tb_text_wrap\">\n        <h1>06 08 69 70 67<\/h1>\n<h1>Contact@oeconcept.fr<\/h1>    <\/div>\n<\/div>\n<!-- \/module text --><!-- module text -->\n<div  class=\"module module-text tb_2qev289   \" data-lazy=\"1\">\n        <div  class=\"tb_text_wrap\">\n        <h2>R\u00e9novation G\u00e9n\u00e9rale<\/h2>\n<h2>Menuiserie<\/h2>\n<h2>B\u00e9ton cir\u00e9<\/h2>\n<h2>Peinture<\/h2>\n<p>\u00a0<\/p>    <\/div>\n<\/div>\n<!-- \/module text -->        <\/div>\n                    <div  data-lazy=\"1\" class=\"module_column sub_column col4-2 tb_5zlp701 last\">\n                    <!-- module image -->\n<div  class=\"module module-image tb_19y7161 image-top   tf_mw\" data-lazy=\"1\">\n        <div class=\"image-wrap tf_rel tf_mw\">\n            <img loading=\"lazy\" decoding=\"async\" src=\"http:\/\/oeconcept.fr\/wp-content\/uploads\/2024\/11\/logo-sans-fond.png\" width=\"1868\" height=\"2263\" title=\"Oeconcept\" alt=\"Oeconcept\">    \n        <\/div>\n    <!-- \/image-wrap -->\n    \n        <\/div>\n<!-- \/module image -->        <\/div>\n                    <\/div>\n                <\/div>\n                        <\/div>\n        <\/div>\n        <\/div>\n<!--\/themify_builder_content-->","protected":false},"excerpt":{"rendered":"<p>06 08 69 70 67 Contact@oeconcept.fr<\/p>\n","protected":false},"author":1,"featured_media":0,"parent":0,"menu_order":0,"comment_status":"closed","ping_status":"closed","template":"","meta":{"footnotes":""},"class_list":["post-26","page","type-page","status-publish","hentry","has-post-title","has-post-date","has-post-category","has-post-tag","has-post-comment","has-post-author",""],"builder_content":"<h1>06 08 69 70 67<\/h1> <h1>Contact@oeconcept.fr<\/h1>\n<h2>R\u00e9novation G\u00e9n\u00e9rale<\/h2> <h2>Menuiserie<\/h2> <h2>B\u00e9ton cir\u00e9<\/h2> <h2>Peinture<\/h2> <p>\u00a0<\/p>\n<img src=\"http:\/\/oeconcept.fr\/wp-content\/uploads\/2024\/11\/logo-sans-fond.png\" width=\"1868\" height=\"2263\" title=\"Oeconcept\" alt=\"Oeconcept\">","_links":{"self":[{"href":"https:\/\/oeconcept.fr\/index.php\/wp-json\/wp\/v2\/pages\/26","targetHints":{"allow":["GET"]}}],"collection":[{"href":"https:\/\/oeconcept.fr\/index.php\/wp-json\/wp\/v2\/pages"}],"about":[{"href":"https:\/\/oeconcept.fr\/index.php\/wp-json\/wp\/v2\/types\/page"}],"author":[{"embeddable":true,"href":"https:\/\/oeconcept.fr\/index.php\/wp-json\/wp\/v2\/users\/1"}],"replies":[{"embeddable":true,"href":"https:\/\/oeconcept.fr\/index.php\/wp-json\/wp\/v2\/comments?post=26"}],"version-history":[{"count":43,"href":"https:\/\/oeconcept.fr\/index.php\/wp-json\/wp\/v2\/pages\/26\/revisions"}],"predecessor-version":[{"id":138,"href":"https:\/\/oeconcept.fr\/index.php\/wp-json\/wp\/v2\/pages\/26\/revisions\/138"}],"wp:attachment":[{"href":"https:\/\/oeconcept.fr\/index.php\/wp-json\/wp\/v2\/media?parent=26"}],"curies":[{"name":"wp","href":"https:\/\/api.w.org\/{rel}","templated":true}]}}